{"id":17326,"date":"2024-02-10T21:09:48","date_gmt":"2024-02-10T20:09:48","guid":{"rendered":"https:\/\/hotelorangerie.be\/unsere-vorteile\/"},"modified":"2026-04-03T15:57:21","modified_gmt":"2026-04-03T13:57:21","slug":"unsere-vorteile","status":"publish","type":"page","link":"https:\/\/hotelorangerie.be\/de\/unsere-vorteile\/","title":{"rendered":"Unsere Vorteile"},"content":{"rendered":"\t\t<div data-elementor-type=\"wp-page\" data-elementor-id=\"17326\" class=\"elementor elementor-17326 elementor-11273\">\n\t\t\t\t\t\t<section class=\"elementor-section elementor-top-section elementor-element elementor-element-16ff598c elementor-section-full_width elementor-section-height-default elementor-section-height-default qodef-elementor-content-no\" data-id=\"16ff598c\" data-element_type=\"section\" data-e-type=\"section\">\n\t\t\t\t\t\t<div class=\"elementor-container elementor-column-gap-default\">\n\t\t\t\t\t<div class=\"elementor-column elementor-col-100 elementor-top-column elementor-element elementor-element-790400d4\" data-id=\"790400d4\" data-element_type=\"column\" data-e-type=\"column\">\n\t\t\t<div class=\"elementor-widget-wrap elementor-element-populated\">\n\t\t\t\t\t\t<div class=\"elementor-element elementor-element-74446db elementor-widget elementor-widget-augustine_core_section_title\" data-id=\"74446db\" data-element_type=\"widget\" data-e-type=\"widget\" data-widget_type=\"augustine_core_section_title.default\">\n\t\t\t\t<div class=\"elementor-widget-container\">\n\t\t\t\t\t<div class=\"qodef-shortcode qodef-m  qodef-section-title qodef-alignment--center     \">\n\t\t<span class=\"qodef-m-separator\" ><\/span>\n\t\t\t<h3 class=\"qodef-m-title\" >\n\t\t\t\t\tTerrasse mit atemberaubendem Blick auf den Dijver\t\t\t<\/h3>\n\t\t<\/div>\t\t\t\t<\/div>\n\t\t\t\t<\/div>\n\t\t\t\t\t<\/div>\n\t\t<\/div>\n\t\t\t\t\t<\/div>\n\t\t<\/section>\n\t\t<div class=\"elementor-element elementor-element-5ab9dab e-flex e-con-boxed e-con e-parent\" data-id=\"5ab9dab\" data-element_type=\"container\" data-e-type=\"container\">\n\t\t\t\t\t<div class=\"e-con-inner\">\n\t\t<div class=\"elementor-element elementor-element-f665e85 e-con-full e-flex e-con e-child\" data-id=\"f665e85\" data-element_type=\"container\" data-e-type=\"container\">\n\t\t\t\t<div class=\"elementor-element elementor-element-7f005ba elementor-widget__width-initial elementor-widget-tablet__width-inherit elementor-widget elementor-widget-text-editor\" data-id=\"7f005ba\" data-element_type=\"widget\" data-e-type=\"widget\" data-widget_type=\"text-editor.default\">\n\t\t\t\t<div class=\"elementor-widget-container\">\n\t\t\t\t\t\t\t\t\t<p style=\"text-align: left;\">Erleben Sie einen unvergesslichen Sommerabend auf unserer atemberaubenden Terrasse mit einem fesselnden Blick auf den Dijver. W\u00e4hrend die Sonne langsam hinter den historischen Geb\u00e4uden untergeht, genie\u00dfen Sie einen sch\u00f6nen Drink. Entspannen Sie sich und genie\u00dfen Sie dieses einzigartige Erlebnis auf unserer sch\u00f6nen Terrasse!  <\/p>\t\t\t\t\t\t\t\t<\/div>\n\t\t\t\t<\/div>\n\t\t\t\t<\/div>\n\t\t<div class=\"elementor-element elementor-element-9e5df02 e-con-full e-flex e-con e-child\" data-id=\"9e5df02\" data-element_type=\"container\" data-e-type=\"container\">\n\t\t\t\t<div class=\"elementor-element elementor-element-4780a56 elementor-widget elementor-widget-augustine_core_image_gallery\" data-id=\"4780a56\" data-element_type=\"widget\" data-e-type=\"widget\" data-widget_type=\"augustine_core_image_gallery.default\">\n\t\t\t\t<div class=\"elementor-widget-container\">\n\t\t\t\t\t<div class=\"qodef-shortcode qodef-m  qodef-image-gallery      qodef-grid qodef-swiper-container  qodef-gutter--normal qodef-col-num--1  qodef-responsive--predefined\" data-options=\"{&quot;slidesPerView&quot;:&quot;1&quot;,&quot;spaceBetween&quot;:30,&quot;loop&quot;:true,&quot;autoplay&quot;:true,&quot;speed&quot;:&quot;&quot;,&quot;speedAnimation&quot;:&quot;&quot;,&quot;centeredSlides&quot;:false,&quot;effect&quot;:&quot;&quot;}\" style=\"transition-delay: ms\">\n\t<div class=\"swiper-wrapper\">\n\t\t<div class=\"qodef-e qodef-image-wrapper qodef-grid-item swiper-slide\">\n\t\t\t<img fetchpriority=\"high\" decoding=\"async\" width=\"1280\" height=\"854\" src=\"https:\/\/hotelorangerie.be\/wp-content\/uploads\/2025\/07\/hotelOrangerieCanal1.webp\" class=\"attachment-full size-full\" alt=\"\" srcset=\"https:\/\/hotelorangerie.be\/wp-content\/uploads\/2025\/07\/hotelOrangerieCanal1.webp 1280w, https:\/\/hotelorangerie.be\/wp-content\/uploads\/2025\/07\/hotelOrangerieCanal1-300x200.webp 300w, https:\/\/hotelorangerie.be\/wp-content\/uploads\/2025\/07\/hotelOrangerieCanal1-1024x683.webp 1024w, https:\/\/hotelorangerie.be\/wp-content\/uploads\/2025\/07\/hotelOrangerieCanal1-768x512.webp 768w\" sizes=\"(max-width: 1280px) 100vw, 1280px\" \/>\t\t<\/div><div class=\"qodef-e qodef-image-wrapper qodef-grid-item swiper-slide\">\n\t\t\t<img decoding=\"async\" width=\"1600\" height=\"1067\" src=\"https:\/\/hotelorangerie.be\/wp-content\/uploads\/2025\/07\/HotelOrangerieSlider-1.webp\" class=\"attachment-full size-full\" alt=\"\" srcset=\"https:\/\/hotelorangerie.be\/wp-content\/uploads\/2025\/07\/HotelOrangerieSlider-1.webp 1600w, https:\/\/hotelorangerie.be\/wp-content\/uploads\/2025\/07\/HotelOrangerieSlider-1-300x200.webp 300w, https:\/\/hotelorangerie.be\/wp-content\/uploads\/2025\/07\/HotelOrangerieSlider-1-1024x683.webp 1024w, https:\/\/hotelorangerie.be\/wp-content\/uploads\/2025\/07\/HotelOrangerieSlider-1-768x512.webp 768w, https:\/\/hotelorangerie.be\/wp-content\/uploads\/2025\/07\/HotelOrangerieSlider-1-1536x1024.webp 1536w\" sizes=\"(max-width: 1600px) 100vw, 1600px\" \/>\t\t<\/div><div class=\"qodef-e qodef-image-wrapper qodef-grid-item swiper-slide\">\n\t\t\t<img decoding=\"async\" width=\"1280\" height=\"720\" src=\"https:\/\/hotelorangerie.be\/wp-content\/uploads\/2025\/07\/hotelOrangerieTerrace2.webp\" class=\"attachment-full size-full\" alt=\"\" srcset=\"https:\/\/hotelorangerie.be\/wp-content\/uploads\/2025\/07\/hotelOrangerieTerrace2.webp 1280w, https:\/\/hotelorangerie.be\/wp-content\/uploads\/2025\/07\/hotelOrangerieTerrace2-300x169.webp 300w, https:\/\/hotelorangerie.be\/wp-content\/uploads\/2025\/07\/hotelOrangerieTerrace2-1024x576.webp 1024w, https:\/\/hotelorangerie.be\/wp-content\/uploads\/2025\/07\/hotelOrangerieTerrace2-768x432.webp 768w\" sizes=\"(max-width: 1280px) 100vw, 1280px\" \/>\t\t<\/div>\t<\/div>\n\t\t<div class=\"swiper-button-prev \"><svg  xmlns=\"http:\/\/www.w3.org\/2000\/svg\" xmlns:xlink=\"http:\/\/www.w3.org\/1999\/xlink\" x=\"0px\" y=\"0px\" viewBox=\"0 0 64 64\" stroke-width=\"2\" xml:space=\"preserve\"><polyline points=\"37,15 20,32 37,49\"\/><\/svg><\/div>\n\t<div class=\"swiper-button-next \"><svg  xmlns=\"http:\/\/www.w3.org\/2000\/svg\" xmlns:xlink=\"http:\/\/www.w3.org\/1999\/xlink\" x=\"0px\" y=\"0px\" viewBox=\"0 0 64 64\" stroke-width=\"2\" xml:space=\"preserve\"><polyline points=\"27,15 44,32 27,49\"\/><\/svg><\/div>\n\t<\/div>\t\t\t\t<\/div>\n\t\t\t\t<\/div>\n\t\t\t\t<\/div>\n\t\t\t\t\t<\/div>\n\t\t\t\t<\/div>\n\t\t<div class=\"elementor-element elementor-element-e464c2c e-flex e-con-boxed e-con e-parent\" data-id=\"e464c2c\" data-element_type=\"container\" data-e-type=\"container\">\n\t\t\t\t\t<div class=\"e-con-inner\">\n\t\t<div class=\"elementor-element elementor-element-fbe63d8 e-con-full e-flex e-con e-child\" data-id=\"fbe63d8\" data-element_type=\"container\" data-e-type=\"container\">\n\t\t\t\t<div class=\"elementor-element elementor-element-3db2a63 elementor-widget elementor-widget-augustine_core_section_title\" data-id=\"3db2a63\" data-element_type=\"widget\" data-e-type=\"widget\" data-widget_type=\"augustine_core_section_title.default\">\n\t\t\t\t<div class=\"elementor-widget-container\">\n\t\t\t\t\t<div class=\"qodef-shortcode qodef-m  qodef-section-title qodef-alignment--center    qodef-separator-appear \">\n\t\t<span class=\"qodef-m-separator\" ><\/span>\n\t\t<p class=\"qodef-m-subtitle\" >Verf\u00fcgbar f\u00fcr alle CW Hotel Collection Kunden<\/p>\n\t\t<h3 class=\"qodef-m-title\" >\n\t\t\t\t\tAfternoon Tea @ Hotel Orangerie\t\t\t<\/h3>\n\t\t<\/div>\t\t\t\t<\/div>\n\t\t\t\t<\/div>\n\t\t\t\t<div class=\"elementor-element elementor-element-a66722c elementor-widget elementor-widget-text-editor\" data-id=\"a66722c\" data-element_type=\"widget\" data-e-type=\"widget\" data-widget_type=\"text-editor.default\">\n\t\t\t\t<div class=\"elementor-widget-container\">\n\t\t\t\t\t\t\t\t\t<p>Tauchen Sie bei unserem ausgedehnten, gem\u00fctlichen Afternoon Tea in die Welt der britischen High Society ein. Bei sch\u00f6nem Wetter k\u00f6nnen Sie alle Leckereien auf unserer sonnigen Terrasse mit Blick auf die Br\u00fcgger Grachten genie\u00dfen. Wenn das Wetter ein wenig d\u00fcster ist, kein Problem, der gem\u00fctliche Kamin schafft die perfekte Atmosph\u00e4re. Das versprechen wir.    Wir freuen uns, Ihnen 3 verschiedene Optionen anbieten zu k\u00f6nnen:<\/p>\t\t\t\t\t\t\t\t<\/div>\n\t\t\t\t<\/div>\n\t\t\t\t<\/div>\n\t\t\t\t\t<\/div>\n\t\t\t\t<\/div>\n\t\t<div class=\"elementor-element elementor-element-2383857 e-flex e-con-boxed e-con e-parent\" data-id=\"2383857\" data-element_type=\"container\" data-e-type=\"container\">\n\t\t\t\t\t<div class=\"e-con-inner\">\n\t\t<div class=\"elementor-element elementor-element-cc354bb e-con-full e-flex e-con e-child\" data-id=\"cc354bb\" data-element_type=\"container\" data-e-type=\"container\">\n\t\t<div class=\"elementor-element elementor-element-7e1c410 e-con-full e-flex e-con e-child\" data-id=\"7e1c410\" data-element_type=\"container\" data-e-type=\"container\">\n\t\t<div class=\"elementor-element elementor-element-b08ac40 e-flex e-con-boxed e-con e-child\" data-id=\"b08ac40\" data-element_type=\"container\" data-e-type=\"container\">\n\t\t\t\t\t<div class=\"e-con-inner\">\n\t\t\t\t<div class=\"elementor-element elementor-element-5332d13 elementor-widget elementor-widget-augustine_core_image_gallery\" data-id=\"5332d13\" data-element_type=\"widget\" data-e-type=\"widget\" data-widget_type=\"augustine_core_image_gallery.default\">\n\t\t\t\t<div class=\"elementor-widget-container\">\n\t\t\t\t\t<div class=\"qodef-shortcode qodef-m  qodef-image-gallery qodef-magnific-popup qodef-popup-gallery     qodef-grid qodef-swiper-container  qodef-gutter--normal qodef-col-num--1  qodef-responsive--predefined\" data-options=\"{&quot;slidesPerView&quot;:&quot;1&quot;,&quot;spaceBetween&quot;:30,&quot;loop&quot;:true,&quot;autoplay&quot;:true,&quot;speed&quot;:&quot;&quot;,&quot;speedAnimation&quot;:&quot;&quot;,&quot;centeredSlides&quot;:true,&quot;effect&quot;:&quot;fade&quot;}\" style=\"transition-delay: ms\">\n\t<div class=\"swiper-wrapper\">\n\t\t<div class=\"qodef-e qodef-image-wrapper qodef-grid-item swiper-slide\">\n\t\t\t<a class=\"qodef-popup-item\" itemprop=\"image\" href=\"https:\/\/hotelorangerie.be\/wp-content\/uploads\/2025\/07\/AT1.webp\" data-type=\"image\" title=\"afternoon tea 5\">\n\t\t\t<img loading=\"lazy\" decoding=\"async\" width=\"2421\" height=\"1362\" src=\"https:\/\/hotelorangerie.be\/wp-content\/uploads\/2025\/07\/AT1.webp\" class=\"attachment-full size-full\" alt=\"afternoon tea 5\" srcset=\"https:\/\/hotelorangerie.be\/wp-content\/uploads\/2025\/07\/AT1.webp 2421w, https:\/\/hotelorangerie.be\/wp-content\/uploads\/2025\/07\/AT1-300x169.webp 300w, https:\/\/hotelorangerie.be\/wp-content\/uploads\/2025\/07\/AT1-1024x576.webp 1024w, https:\/\/hotelorangerie.be\/wp-content\/uploads\/2025\/07\/AT1-768x432.webp 768w, https:\/\/hotelorangerie.be\/wp-content\/uploads\/2025\/07\/AT1-1536x864.webp 1536w, https:\/\/hotelorangerie.be\/wp-content\/uploads\/2025\/07\/AT1-2048x1152.webp 2048w\" sizes=\"(max-width: 2421px) 100vw, 2421px\" \/>\t\t\t<\/a>\n\t\t<\/div><div class=\"qodef-e qodef-image-wrapper qodef-grid-item swiper-slide\">\n\t\t\t<a class=\"qodef-popup-item\" itemprop=\"image\" href=\"https:\/\/hotelorangerie.be\/wp-content\/uploads\/2025\/07\/AT3.webp\" data-type=\"image\" title=\"afternoon tea 4\">\n\t\t\t<img loading=\"lazy\" decoding=\"async\" width=\"1280\" height=\"720\" src=\"https:\/\/hotelorangerie.be\/wp-content\/uploads\/2025\/07\/AT3.webp\" class=\"attachment-full size-full\" alt=\"afternoon tea 4\" srcset=\"https:\/\/hotelorangerie.be\/wp-content\/uploads\/2025\/07\/AT3.webp 1280w, https:\/\/hotelorangerie.be\/wp-content\/uploads\/2025\/07\/AT3-300x169.webp 300w, https:\/\/hotelorangerie.be\/wp-content\/uploads\/2025\/07\/AT3-1024x576.webp 1024w, https:\/\/hotelorangerie.be\/wp-content\/uploads\/2025\/07\/AT3-768x432.webp 768w\" sizes=\"(max-width: 1280px) 100vw, 1280px\" \/>\t\t\t<\/a>\n\t\t<\/div><div class=\"qodef-e qodef-image-wrapper qodef-grid-item swiper-slide\">\n\t\t\t<a class=\"qodef-popup-item\" itemprop=\"image\" href=\"https:\/\/hotelorangerie.be\/wp-content\/uploads\/2025\/07\/AT4.webp\" data-type=\"image\" title=\"afternoon tea 3\">\n\t\t\t<img loading=\"lazy\" decoding=\"async\" width=\"1280\" height=\"720\" src=\"https:\/\/hotelorangerie.be\/wp-content\/uploads\/2025\/07\/AT4.webp\" class=\"attachment-full size-full\" alt=\"afternoon tea 3\" srcset=\"https:\/\/hotelorangerie.be\/wp-content\/uploads\/2025\/07\/AT4.webp 1280w, https:\/\/hotelorangerie.be\/wp-content\/uploads\/2025\/07\/AT4-300x169.webp 300w, https:\/\/hotelorangerie.be\/wp-content\/uploads\/2025\/07\/AT4-1024x576.webp 1024w, https:\/\/hotelorangerie.be\/wp-content\/uploads\/2025\/07\/AT4-768x432.webp 768w\" sizes=\"(max-width: 1280px) 100vw, 1280px\" \/>\t\t\t<\/a>\n\t\t<\/div><div class=\"qodef-e qodef-image-wrapper qodef-grid-item swiper-slide\">\n\t\t\t<a class=\"qodef-popup-item\" itemprop=\"image\" href=\"https:\/\/hotelorangerie.be\/wp-content\/uploads\/2025\/07\/AT6.webp\" data-type=\"image\" title=\"afternoon tea 2\">\n\t\t\t<img loading=\"lazy\" decoding=\"async\" width=\"1280\" height=\"720\" src=\"https:\/\/hotelorangerie.be\/wp-content\/uploads\/2025\/07\/AT6.webp\" class=\"attachment-full size-full\" alt=\"afternoon tea 2\" srcset=\"https:\/\/hotelorangerie.be\/wp-content\/uploads\/2025\/07\/AT6.webp 1280w, https:\/\/hotelorangerie.be\/wp-content\/uploads\/2025\/07\/AT6-300x169.webp 300w, https:\/\/hotelorangerie.be\/wp-content\/uploads\/2025\/07\/AT6-1024x576.webp 1024w, https:\/\/hotelorangerie.be\/wp-content\/uploads\/2025\/07\/AT6-768x432.webp 768w\" sizes=\"(max-width: 1280px) 100vw, 1280px\" \/>\t\t\t<\/a>\n\t\t<\/div><div class=\"qodef-e qodef-image-wrapper qodef-grid-item swiper-slide\">\n\t\t\t<a class=\"qodef-popup-item\" itemprop=\"image\" href=\"https:\/\/hotelorangerie.be\/wp-content\/uploads\/2025\/07\/AT8.webp\" data-type=\"image\" title=\"afternoon tea 1\">\n\t\t\t<img loading=\"lazy\" decoding=\"async\" width=\"1280\" height=\"720\" src=\"https:\/\/hotelorangerie.be\/wp-content\/uploads\/2025\/07\/AT8.webp\" class=\"attachment-full size-full\" alt=\"afternoon tea 1\" srcset=\"https:\/\/hotelorangerie.be\/wp-content\/uploads\/2025\/07\/AT8.webp 1280w, https:\/\/hotelorangerie.be\/wp-content\/uploads\/2025\/07\/AT8-300x169.webp 300w, https:\/\/hotelorangerie.be\/wp-content\/uploads\/2025\/07\/AT8-1024x576.webp 1024w, https:\/\/hotelorangerie.be\/wp-content\/uploads\/2025\/07\/AT8-768x432.webp 768w\" sizes=\"(max-width: 1280px) 100vw, 1280px\" \/>\t\t\t<\/a>\n\t\t<\/div><div class=\"qodef-e qodef-image-wrapper qodef-grid-item swiper-slide\">\n\t\t\t<a class=\"qodef-popup-item\" itemprop=\"image\" href=\"https:\/\/hotelorangerie.be\/wp-content\/uploads\/2025\/07\/AT5.webp\" data-type=\"image\" title=\"afternoon tea 9\">\n\t\t\t<img loading=\"lazy\" decoding=\"async\" width=\"1280\" height=\"720\" src=\"https:\/\/hotelorangerie.be\/wp-content\/uploads\/2025\/07\/AT5.webp\" class=\"attachment-full size-full\" alt=\"afternoon tea 9\" srcset=\"https:\/\/hotelorangerie.be\/wp-content\/uploads\/2025\/07\/AT5.webp 1280w, https:\/\/hotelorangerie.be\/wp-content\/uploads\/2025\/07\/AT5-300x169.webp 300w, https:\/\/hotelorangerie.be\/wp-content\/uploads\/2025\/07\/AT5-1024x576.webp 1024w, https:\/\/hotelorangerie.be\/wp-content\/uploads\/2025\/07\/AT5-768x432.webp 768w\" sizes=\"(max-width: 1280px) 100vw, 1280px\" \/>\t\t\t<\/a>\n\t\t<\/div><div class=\"qodef-e qodef-image-wrapper qodef-grid-item swiper-slide\">\n\t\t\t<a class=\"qodef-popup-item\" itemprop=\"image\" href=\"https:\/\/hotelorangerie.be\/wp-content\/uploads\/2025\/07\/AT7-1.webp\" data-type=\"image\" title=\"\">\n\t\t\t<img loading=\"lazy\" decoding=\"async\" width=\"1280\" height=\"720\" src=\"https:\/\/hotelorangerie.be\/wp-content\/uploads\/2025\/07\/AT7-1.webp\" class=\"attachment-full size-full\" alt=\"\" srcset=\"https:\/\/hotelorangerie.be\/wp-content\/uploads\/2025\/07\/AT7-1.webp 1280w, https:\/\/hotelorangerie.be\/wp-content\/uploads\/2025\/07\/AT7-1-300x169.webp 300w, https:\/\/hotelorangerie.be\/wp-content\/uploads\/2025\/07\/AT7-1-1024x576.webp 1024w, https:\/\/hotelorangerie.be\/wp-content\/uploads\/2025\/07\/AT7-1-768x432.webp 768w\" sizes=\"(max-width: 1280px) 100vw, 1280px\" \/>\t\t\t<\/a>\n\t\t<\/div><div class=\"qodef-e qodef-image-wrapper qodef-grid-item swiper-slide\">\n\t\t\t<a class=\"qodef-popup-item\" itemprop=\"image\" href=\"https:\/\/hotelorangerie.be\/wp-content\/uploads\/2025\/07\/AT8-2.webp\" data-type=\"image\" title=\"\">\n\t\t\t<img loading=\"lazy\" decoding=\"async\" width=\"1280\" height=\"720\" src=\"https:\/\/hotelorangerie.be\/wp-content\/uploads\/2025\/07\/AT8-2.webp\" class=\"attachment-full size-full\" alt=\"\" srcset=\"https:\/\/hotelorangerie.be\/wp-content\/uploads\/2025\/07\/AT8-2.webp 1280w, https:\/\/hotelorangerie.be\/wp-content\/uploads\/2025\/07\/AT8-2-300x169.webp 300w, https:\/\/hotelorangerie.be\/wp-content\/uploads\/2025\/07\/AT8-2-1024x576.webp 1024w, https:\/\/hotelorangerie.be\/wp-content\/uploads\/2025\/07\/AT8-2-768x432.webp 768w\" sizes=\"(max-width: 1280px) 100vw, 1280px\" \/>\t\t\t<\/a>\n\t\t<\/div>\t<\/div>\n\t\t<div class=\"swiper-button-prev \"><svg  xmlns=\"http:\/\/www.w3.org\/2000\/svg\" xmlns:xlink=\"http:\/\/www.w3.org\/1999\/xlink\" x=\"0px\" y=\"0px\" viewBox=\"0 0 64 64\" stroke-width=\"2\" xml:space=\"preserve\"><polyline points=\"37,15 20,32 37,49\"\/><\/svg><\/div>\n\t<div class=\"swiper-button-next \"><svg  xmlns=\"http:\/\/www.w3.org\/2000\/svg\" xmlns:xlink=\"http:\/\/www.w3.org\/1999\/xlink\" x=\"0px\" y=\"0px\" viewBox=\"0 0 64 64\" stroke-width=\"2\" xml:space=\"preserve\"><polyline points=\"27,15 44,32 27,49\"\/><\/svg><\/div>\n\t<\/div>\t\t\t\t<\/div>\n\t\t\t\t<\/div>\n\t\t\t\t\t<\/div>\n\t\t\t\t<\/div>\n\t\t\t\t<\/div>\n\t\t<div class=\"elementor-element elementor-element-21e4e78 e-con-full e-flex e-con e-child\" data-id=\"21e4e78\" data-element_type=\"container\" data-e-type=\"container\">\n\t\t<div class=\"elementor-element elementor-element-6203942 e-con-full e-flex e-con e-child\" data-id=\"6203942\" data-element_type=\"container\" data-e-type=\"container\">\n\t\t\t\t<div class=\"elementor-element elementor-element-a6286bc elementor-widget elementor-widget-qi_addons_for_elementor_pricing_list\" data-id=\"a6286bc\" data-element_type=\"widget\" data-e-type=\"widget\" data-widget_type=\"qi_addons_for_elementor_pricing_list.default\">\n\t\t\t\t<div class=\"elementor-widget-container\">\n\t\t\t\t\t<div class=\"qodef-shortcode qodef-m qodef-qi-pricing-list qodef-pricing-line--solid qodef-layout--standard\">\n\t<div class=\"qodef-m-inner\">\n\t\t<div class=\"qodef-m-item qodef-e elementor-repeater-item-7517b98\">\n\t\t\t<div class=\"qodef-e-heading\">\n\t\t\t<h5 class=\"qodef-e-heading-title\">Cream Tea (Preis\/Person):<\/h5>\n\t\t\t\t\t\t<div class=\"qodef-e-heading-line\" ><\/div>\n\t\t\t\t\t\t\t<p class=\"qodef-e-heading-price\">25\u20ac<\/p>\n\t\t\t\t\t\t\t\t<\/div>\n\t\t\t\t<p class=\"qodef-e-description\">Zwei frisch gebackene Scones mit Clotted Cream und verschiedenen handwerklich hergestellten Marmeladen, begleitet von Kaffee oder einem unserer feinen Teesorten.<\/p>\n\t<\/div>\n<div class=\"qodef-m-item qodef-e elementor-repeater-item-306ad85\">\n\t\t\t<div class=\"qodef-e-heading\">\n\t\t\t<h5 class=\"qodef-e-heading-title\">Classic Afternoon Tea (Preis\/Person):<\/h5>\n\t\t\t\t\t\t<div class=\"qodef-e-heading-line\" ><\/div>\n\t\t\t\t\t\t\t<p class=\"qodef-e-heading-price\">40\u20ac<\/p>\n\t\t\t\t\t\t\t\t<\/div>\n\t\t\t\t<p class=\"qodef-e-description\">Zwei frisch gebackene Scones mit Clotted Cream und verschiedenen handwerklich hergestellten Marmeladen, eine Auswahl an Mini-Geb\u00e4ck, herzhafte Sandwiches und Kaffee oder einer unserer feinen Teesorten.<\/p>\n\t<\/div>\n<div class=\"qodef-m-item qodef-e elementor-repeater-item-72ca2a6\">\n\t\t\t<div class=\"qodef-e-heading\">\n\t\t\t<h5 class=\"qodef-e-heading-title\">Champagne Afternoon Tea (Preis\/Person):<\/h5>\n\t\t\t\t\t\t<div class=\"qodef-e-heading-line\" ><\/div>\n\t\t\t\t\t\t\t<p class=\"qodef-e-heading-price\">50\u20ac<\/p>\n\t\t\t\t\t\t\t\t<\/div>\n\t\t\t\t<p class=\"qodef-e-description\">Zwei frisch gebackene Scones mit Clotted Cream und verschiedenen handwerklich hergestellten Marmeladen, begleitet von einer Auswahl an Mini-Geb\u00e4ck, Finger-Sandwiches, Kaffee oder einem unserer erlesenen Tees. Und nat\u00fcrlich... ein Glas Sekt.<\/p>\n\t<\/div>\n\t<\/div>\n\t\t<\/div>\n\t\t\t\t<\/div>\n\t\t\t\t<\/div>\n\t\t\t\t<\/div>\n\t\t\t\t<\/div>\n\t\t<div class=\"elementor-element elementor-element-61dc874 e-con-full e-flex e-con e-child\" data-id=\"61dc874\" data-element_type=\"container\" data-e-type=\"container\">\n\t\t\t\t<div class=\"elementor-element elementor-element-c66de40 elementor-widget elementor-widget-qi_addons_for_elementor_faq\" data-id=\"c66de40\" data-element_type=\"widget\" data-e-type=\"widget\" data-widget_type=\"qi_addons_for_elementor_faq.default\">\n\t\t\t\t<div class=\"elementor-widget-container\">\n\t\t\t\t\t<div class=\"qodef-shortcode qodef-m qodef-qi-faq qodef-qi-clear qodef-behavior--none qodef-layout--simple qodef-style--border-between\">\n\t<h6 class=\"qodef-e-title-holder\">\n\t<span class=\"qodef-e-title\">\n\t\t\t<span class=\"qodef-e-number\">\n\t\t1.\t<\/span>\n\t\t\tWas ist, wenn ich nicht im Hotel Orangerie wohne?\t<\/span>\n\t<\/h6>\n<div class=\"qodef-e-content\">\n\t<div class=\"qodef-e-content-inner\">\n\t\t<p>Kein Problem! Jeder ist herzlich eingeladen, vorbeizukommen und unser Hotel und den Afternoon Tea kennenzulernen!<br>Un suppl\u00e9ment de 10\u20ac est appliqu\u00e9 pour les clients non h\u00f4teliers.<\/p>\t<\/div>\n<\/div>\n<h6 class=\"qodef-e-title-holder\">\n\t<span class=\"qodef-e-title\">\n\t\t\t<span class=\"qodef-e-number\">\n\t\t2.\t<\/span>\n\t\t\tUm wie viel Uhr ist der Afternoon Tea?\t<\/span>\n\t<\/h6>\n<div class=\"qodef-e-content\">\n\t<div class=\"qodef-e-content-inner\">\n\t\t<p>Afternoon Tea: t\u00e4glich zwischen 14:30 und 16:30 Uhr<\/p>\t<\/div>\n<\/div>\n<h6 class=\"qodef-e-title-holder\">\n\t<span class=\"qodef-e-title\">\n\t\t\t<span class=\"qodef-e-number\">\n\t\t3.\t<\/span>\n\t\t\tWie lautet die Adresse?\t<\/span>\n\t<\/h6>\n<div class=\"qodef-e-content\">\n\t<div class=\"qodef-e-content-inner\">\n\t\t<p>Kommen Sie zu uns in die : Kartuizerinnenstraat 10, Br\u00fcgge. (Direkt hinter dem Belfort Tower)<\/p>\t<\/div>\n<\/div>\n<h6 class=\"qodef-e-title-holder\">\n\t<span class=\"qodef-e-title\">\n\t\t\t<span class=\"qodef-e-number\">\n\t\t4.\t<\/span>\n\t\t\tIst eine Reservierung immer notwendig?\t<\/span>\n\t<\/h6>\n<div class=\"qodef-e-content\">\n\t<div class=\"qodef-e-content-inner\">\n\t\t<p>Ja, eine Reservierung ist immer erforderlich. Eine Reservierung ist mindestens einen Tag im Voraus erforderlich.<\/p>\t<\/div>\n<\/div>\n<h6 class=\"qodef-e-title-holder\">\n\t<span class=\"qodef-e-title\">\n\t\t\t<span class=\"qodef-e-number\">\n\t\t5.\t<\/span>\n\t\t\tWie kann ich eine Reservierung vornehmen?\t<\/span>\n\t<\/h6>\n<div class=\"qodef-e-content\">\n\t<div class=\"qodef-e-content-inner\">\n\t\t<p>Reservieren Sie auf unserer Website, schicken Sie uns eine E-Mail an info@hotelorangerie.be oder rufen Sie uns an 032(0)50 341 649<\/p>\t<\/div>\n<\/div>\n<\/div>\n\t<script type=\"application\/ld+json\">{\"@context\":\"https:\\\/\\\/schema.org\",\"@type\":\"FAQPage\",\"mainEntity\":[{\"@type\":\"Question\",\"name\":\"Was ist, wenn ich nicht im Hotel Orangerie wohne?\",\"acceptedAnswer\":{\"@type\":\"Answer\",\"text\":\"<p>Kein Problem! Jeder ist herzlich eingeladen, vorbeizukommen und unser Hotel und den Afternoon Tea kennenzulernen!<br>Un suppl\\u00e9ment de 10\\u20ac est appliqu\\u00e9 pour les clients non h\\u00f4teliers.<\\\/p>\"}},{\"@type\":\"Question\",\"name\":\"Um wie viel Uhr ist der Afternoon Tea?\",\"acceptedAnswer\":{\"@type\":\"Answer\",\"text\":\"<p>Afternoon Tea: t\\u00e4glich zwischen 14:30 und 16:30 Uhr<\\\/p>\"}},{\"@type\":\"Question\",\"name\":\"Wie lautet die Adresse?\",\"acceptedAnswer\":{\"@type\":\"Answer\",\"text\":\"<p>Kommen Sie zu uns in die : Kartuizerinnenstraat 10, Br\\u00fcgge. (Direkt hinter dem Belfort Tower)<\\\/p>\"}},{\"@type\":\"Question\",\"name\":\"Ist eine Reservierung immer notwendig?\",\"acceptedAnswer\":{\"@type\":\"Answer\",\"text\":\"<p>Ja, eine Reservierung ist immer erforderlich. Eine Reservierung ist mindestens einen Tag im Voraus erforderlich.<\\\/p>\"}},{\"@type\":\"Question\",\"name\":\"Wie kann ich eine Reservierung vornehmen?\",\"acceptedAnswer\":{\"@type\":\"Answer\",\"text\":\"<p>Reservieren Sie auf unserer Website, schicken Sie uns eine E-Mail an info@hotelorangerie.be oder rufen Sie uns an 032(0)50 341 649<\\\/p>\"}}]}<\/script>\n\t\t\t\t<\/div>\n\t\t\t\t<\/div>\n\t\t\t\t<\/div>\n\t\t\t\t<\/div>\n\t\t\t\t\t<\/div>\n\t\t\t\t<\/div>\n\t\t\t\t<\/div>\n\t\t","protected":false},"excerpt":{"rendered":"<p>Terrasse mit atemberaubendem Blick auf den Dijver Erleben Sie einen unvergesslichen Sommerabend auf unserer atemberaubenden Terrasse mit einem fesselnden Blick auf den Dijver. W\u00e4hrend die Sonne langsam hinter den historischen Geb\u00e4uden untergeht, genie\u00dfen Sie einen sch\u00f6nen Drink. Entspannen Sie sich und genie\u00dfen Sie dieses einzigartige Erlebnis auf unserer sch\u00f6nen Terrasse! Verf\u00fcgbar f\u00fcr alle CW Hotel [&hellip;]<\/p>\n","protected":false},"author":2,"featured_media":0,"parent":0,"menu_order":0,"comment_status":"closed","ping_status":"closed","template":"page-full-width.php","meta":{"footnotes":""},"class_list":["post-17326","page","type-page","status-publish","hentry"],"_links":{"self":[{"href":"https:\/\/hotelorangerie.be\/de\/wp-json\/wp\/v2\/pages\/17326","targetHints":{"allow":["GET"]}}],"collection":[{"href":"https:\/\/hotelorangerie.be\/de\/wp-json\/wp\/v2\/pages"}],"about":[{"href":"https:\/\/hotelorangerie.be\/de\/wp-json\/wp\/v2\/types\/page"}],"author":[{"embeddable":true,"href":"https:\/\/hotelorangerie.be\/de\/wp-json\/wp\/v2\/users\/2"}],"replies":[{"embeddable":true,"href":"https:\/\/hotelorangerie.be\/de\/wp-json\/wp\/v2\/comments?post=17326"}],"version-history":[{"count":14,"href":"https:\/\/hotelorangerie.be\/de\/wp-json\/wp\/v2\/pages\/17326\/revisions"}],"predecessor-version":[{"id":21514,"href":"https:\/\/hotelorangerie.be\/de\/wp-json\/wp\/v2\/pages\/17326\/revisions\/21514"}],"wp:attachment":[{"href":"https:\/\/hotelorangerie.be\/de\/wp-json\/wp\/v2\/media?parent=17326"}],"curies":[{"name":"wp","href":"https:\/\/api.w.org\/{rel}","templated":true}]}}